{"id":370,"date":"2019-05-29T18:41:01","date_gmt":"2019-05-29T18:41:01","guid":{"rendered":"http:\/\/beers2rock.com\/enjoy\/?page_id=370"},"modified":"2020-11-14T06:59:55","modified_gmt":"2020-11-14T06:59:55","slug":"terminos-y-condiciones","status":"publish","type":"page","link":"https:\/\/beers2rock.com\/cerveza\/terminos-y-condiciones\/","title":{"rendered":"T\u00e9rminos y condiciones"},"content":{"rendered":"\n\t<p><strong>CONDICIONES GENERALES DE CONTRATACI\u00d3N www.beers2rock.com<\/strong><\/p>\n<p>&nbsp;<\/p>\n<p>A continuaci\u00f3n se expone el documento contractual que regir\u00e1 la contrataci\u00f3n de productos y servicios a trav\u00e9s del sitio web www.beers2rock.com, propiedad de ALBOR SERVICES INNOVATION SL (en adelante BEERS2ROCK). La aceptaci\u00f3n del presente documento conlleva que el USUARIO:<\/p>\n<ul>\n<li>Ha le\u00eddo, entiende y comprende lo aqu\u00ed expuesto.<\/li>\n<li>Que es una persona con capacidad suficiente para contratar.<\/li>\n<li>Que asume todas las obligaciones aqu\u00ed dispuestas.<\/li>\n<\/ul>\n<p>&nbsp;<\/p>\n<p>Las presentes condiciones tendr\u00e1n un periodo de validez indefinido y ser\u00e1n aplicables a todas las contrataciones realizadas a trav\u00e9s del sitio web www.beers2rock.com de BEERS2ROCK.<\/p>\n<p>&nbsp;<\/p>\n<p>BEERS2ROCK se reserva el derecho de modificar unilateralmente dichas Condiciones, sin que ello pueda afectar a los bienes o promociones que fueron adquiridos previamente a la modificaci\u00f3n.<\/p>\n<p>&nbsp;<\/p>\n<p><strong><em>IDENTIDAD DE LAS PARTES<\/em><\/strong><\/p>\n<p>&nbsp;<\/p>\n<p>Por una parte, el proveedor de los bienes o servicios contratados por el USUARIO es ALBOR SERVICES INNOVATION SL, en adelante BEERS2ROCK, con domicilio social en C\/ Encina 17 28290 Las Matas, Madrid, con CIF B84164342. Puede encontrar m\u00e1s datos sobre BEERS2ROCK en el Aviso Legal de esta misma p\u00e1gina.<\/p>\n<p>&nbsp;<\/p>\n<p>Y de otra, el USUARIO, registrado en el sitio web mediante un nombre de USUARIO y contrase\u00f1a, sobre los que tiene responsabilidad plena de uso y custodia, siendo responsable de la veracidad de los datos personales facilitados a BEERS2ROCK.<\/p>\n<p>&nbsp;<\/p>\n<p><strong><em>OBJETO DEL CONTRATO<\/em><\/strong><\/p>\n<p>&nbsp;<\/p>\n<p>El presente contrato tiene por objeto regular la relaci\u00f3n contractual de compra venta nacida entre BEERS2ROCK y el USUARIO en el momento en que \u00e9ste acepta durante el proceso de contrataci\u00f3n online la casilla correspondiente.<\/p>\n<p>&nbsp;<\/p>\n<p>La relaci\u00f3n contractual de compraventa conlleva la entrega, a cambio de un precio determinado y p\u00fablicamente expuesto a trav\u00e9s del sitio web, de un producto o servicio concreto.<\/p>\n<p>&nbsp;<\/p>\n<p><strong><em>PROCEDIMIENTO DE CONTRATACI\u00d3N<\/em><\/strong><\/p>\n<p>&nbsp;<\/p>\n<p>El procedimiento de contrataci\u00f3n \u00fanicamente podr\u00e1 ser realizado en el idioma castellano. En caso de que pudiera llevarse a cabo en otro idioma ser\u00e1 indicado antes de iniciar el procedimiento de contrataci\u00f3n.<\/p>\n<p>&nbsp;<\/p>\n<p>El USUARIO para poder acceder a los servicios ofrecidos por BEERS2ROCK, deber\u00e1 darse de alta a trav\u00e9s del sitio web mediante la creaci\u00f3n de una cuenta de USUARIO. Para ello, el USUARIO deber\u00e1 proporcionar de manera libre y voluntaria los datos personales que le ser\u00e1n requeridos.<\/p>\n<p>&nbsp;<\/p>\n<p>El USUARIO seleccionar\u00e1 un nombre de USUARIO y una contrase\u00f1a, comprometi\u00e9ndose a hacer uso diligente de los mismos, y no ponerlos a disposici\u00f3n de terceros, as\u00ed como a comunicar al PRESTADOR la p\u00e9rdida o robo de los mismos o del posible acceso por un tercero no autorizado, de tal forma que \u00e9ste proceda al bloqueo inmediato.<\/p>\n<p>&nbsp;<\/p>\n<p>El USUARIO no podr\u00e1 elegir como nombre de USUARIO palabras que tengan como fin, el confundir a otros por identificar a \u00e9ste como miembro integrante dBEERS2ROCK, as\u00ed como expresiones malsonantes, injuriosas y en general, contrarias a la ley o a las exigencias de la moral y buenas costumbres.<\/p>\n<p>&nbsp;<\/p>\n<p>Una vez ha sido creada la cuenta de USUARIO, se informa que de conformidad con lo exigido por el art. 27 de la Ley 34\/2002 de Servicios de la Sociedad de la Informaci\u00f3n y del Comercio Electr\u00f3nico, el procedimiento de contrataci\u00f3n seguir\u00e1 los siguientes pasos:<\/p>\n<p>&nbsp;<\/p>\n<ol>\n<li>ALTA DE USUARIO<\/li>\n<li>ACCESO MEDIANTE USUARIO Y CONTRASE\u00d1A<\/li>\n<li>ELECCI\u00d3N DE LOS PRODUCTOS O SERVICIOS QUE SE DESEAN CONTRATAR<\/li>\n<li>CONFIRMACI\u00d3N DEL PEDIDO<\/li>\n<li>PAGO Y CONFIRMACI\u00d3N DEL PAGO<\/li>\n<li>ENV\u00cdO DE COMUNICACI\u00d3N AL USUARIO INDICANDO EL PEDIDO REALIZADO<\/li>\n<\/ol>\n<p>&nbsp;<\/p>\n<p>En todo caso la plataforma de contrataci\u00f3n de BEERS2ROCK informar\u00e1 al USUARIO, una vez finalizado el procedimiento de contrataci\u00f3n, v\u00eda correo electr\u00f3nico respecto a todas las caracter\u00edsticas, precio, formas de transporte, fecha de contrataci\u00f3n y estimaci\u00f3n de entrega del producto o servicio contratado.<\/p>\n<p>&nbsp;<\/p>\n<p><strong><em>ENTREGA DE PEDIDOS<\/em><\/strong><\/p>\n<p>&nbsp;<\/p>\n<p>La entrega de los pedidos se realizar\u00e1 en el domicilio de entrega designado libremente por el USUARIO. De tal forma, BEERS2ROCK no asume responsabilidad alguna por cuando la entrega del producto o servicio no llegue a realizarse como consecuencia de que los datos facilitados por el USUARIO sean falsos, inexactos o incompletos o cuando la entrega no pueda efectuarse por causas ajenas a la empresa de env\u00edos, asignada para tal efecto, como lo es la ausencia del destinatario.<\/p>\n<p>&nbsp;<\/p>\n<p>Sin perjuicio de lo anterior BEERS2ROCK deber\u00e1 adoptar las medidas exigidas a un comerciante diligente para que la entrega pueda efectuarse en el tiempo acordado, y de no ser as\u00ed, lo antes posible, a satisfacci\u00f3n del remitente como del destinatario, por lo que no podr\u00e1 imputarse responsabilidad alguna en contra dBEERS2ROCK.<\/p>\n<p>&nbsp;<\/p>\n<p>En caso de que la contrataci\u00f3n no conlleve la entrega f\u00edsica de ning\u00fan tipo de producto y que sean directamente descargadas del sitio web, BEERS2ROCK informar\u00e1 previamente al USUARIO respecto al procedimiento que debe seguir para realizar dicha descarga.<\/p>\n<p>&nbsp;<\/p>\n<p>BEERS2ROCK se compromete a que dichas aplicaciones est\u00e9n libres de virus o cualquier otro contenido maligno que pueda afectar el buen funcionamiento del equipo en el que se instale.<\/p>\n<p>&nbsp;<\/p>\n<p>Asimismo, BEERS2ROCK, no se hace responsable de los usos distintos a los que puedan aplicarse dichas aplicaciones o a la falta de los requisitos m\u00ednimos de sistema que se establezcan.<\/p>\n<p>&nbsp;<\/p>\n<p><strong><em>PRECIO Y PLAZO DE VALIDEZ DE LA OFERTA<\/em><\/strong><\/p>\n<p>&nbsp;<\/p>\n<p>Los precios que se indican respecto a cada producto incluyen el Impuesto sobre el Valor A\u00f1adido (IVA) u otros impuestos que pudieran ser aplicables y en todo caso se expresar\u00e1n en la moneda Euro (\u20ac). Dichos gastos, salvo que se indique expresamente lo contrario, no incluyen los gastos de env\u00edo, manipulaci\u00f3n, envoltorio, seguro de env\u00edos o cualesquiera otros servicios adicionales y anexos al producto o servicio adquirido.<\/p>\n<p>&nbsp;<\/p>\n<p>Los precios aplicables a cada producto ser\u00e1n los publicados en el sitio web y aplicado de forma autom\u00e1tica por el proceso de contrataci\u00f3n en la \u00faltima fase del mismo. El cliente asume que en todo caso la valoraci\u00f3n econ\u00f3mica de algunos de los productos podr\u00e1 variar en tiempo real. En todo caso esto ser\u00e1 siempre comunicado previamente a los USUARIOS.<\/p>\n<p>&nbsp;<\/p>\n<p>Todo pago realizado al PRESTADOR conllevar\u00e1 la emisi\u00f3n de una factura a nombre del USUARIO registrado. Dicha factura ser\u00e1 autom\u00e1ticamente remitida a la direcci\u00f3n de correo electr\u00f3nico proporcionada por el USUARIO, as\u00ed como enviada junto al producto adquirido.<\/p>\n<p>&nbsp;<\/p>\n<p>Para cualquier informaci\u00f3n sobre el pedido, el USUARIO contar\u00e1 con el tel\u00e9fono de atenci\u00f3n a clientes de BEERS2ROCK que es 680350069 o v\u00eda correo electr\u00f3nico a la direcci\u00f3n de e-mail info@beers2rock.com. En todo caso deber\u00e1 indicarse en el asunto del mensaje o en la llamada el n\u00famero de pedido que le fue asignado e indicado en el correo electr\u00f3nico de confirmaci\u00f3n de la compra.<\/p>\n<p>&nbsp;<\/p>\n<p><strong><em>DERECHO DE DESISTIMIENTO<\/em><\/strong><\/p>\n<p>&nbsp;<\/p>\n<p>Para ejercer el derecho de desistimiento, el Usuario deber\u00e1 comunicarlo a la direcci\u00f3n de correo electr\u00f3nico info@beers2rock.com, indicando a efectos de identificaci\u00f3n y gesti\u00f3n los datos utilizados para la compra. BEERS2ROCK contestar\u00e1 al Usuario especificando las instrucciones precisas para el ejercicio del derecho de desistimiento.<\/p>\n<p>&nbsp;<\/p>\n<p>La devoluci\u00f3n del producto deber\u00e1 realizarse en su embalaje de origen, sin ning\u00fan tipo de uso y en perfecto estado, es decir, no da\u00f1ado, utilizado o ensuciado por el Usuario, y ser\u00e1 enviado al lugar indicado por BEERS2ROCK en las instrucciones remitidas al Usuario. Asimismo, el embalaje deber\u00e1 identificarse de manera completa e integra a fin de conocer qui\u00e9n es el remitente. En caso de no enviarse en las condiciones que se describen en los presentes t\u00e9rminos el bien sufrir\u00e1 una depreciaci\u00f3n que en todo caso deber\u00e1 abonar el Usuario.<\/p>\n<p>&nbsp;<\/p>\n<p>El Usuario correr\u00e1 con los gastos y el resto de gestiones asociadas a la devoluci\u00f3n del producto, que deber\u00e1 ser empaquetado y enviado de forma segura, para que la mercanc\u00eda devuelta llegue en perfecto estado de conservaci\u00f3n. El Usuario ser\u00e1 responsable de cualquier desperfecto, da\u00f1o o perjuicio sufrido por el producto en este proceso.<\/p>\n<p>&nbsp;<\/p>\n<p>En caso de tara o defecto en el producto, BEERS2ROCK asumir\u00e1 el coste de la devoluci\u00f3n.<\/p>\n<p>&nbsp;<\/p>\n<p>Por su naturaleza, la formaci\u00f3n contratada y ya realizada no ser\u00e1 objeto de este derecho.<\/p>\n<p>&nbsp;<\/p>\n<p><strong><em>GARANT\u00cdAS APLICABLES<\/em><\/strong><\/p>\n<p>&nbsp;<\/p>\n<p>Todos los productos ofertados a trav\u00e9s del sitio web son completamente originales, salvo que se indique lo contrario en su descripci\u00f3n.<\/p>\n<p>&nbsp;<\/p>\n<p>Todos ellos cuentan con el periodo de garant\u00eda legalmente establecido, conforme a los criterios y condiciones descritas en el Real Decreto Legislativo 1\/2007, de 16 de noviembre, por el que se aprueba el texto refundido de la Ley General para la Defensa de los Consumidores y USUARIOS y otras leyes complementarias.<\/p>\n<p>&nbsp;<\/p>\n<p><strong><em>LEY APLICABLE Y JURISDICCI\u00d3N<\/em><\/strong><\/p>\n<p>&nbsp;<\/p>\n<p>Estas condiciones se regir\u00e1n o interpretar\u00e1n conforme a la legislaci\u00f3n espa\u00f1ola en aquello que no est\u00e9 expresamente establecido. BEERS2ROCK y el USUARIO, acuerdan someter cualquier controversia que pudiera suscitarse de la prestaci\u00f3n de los productos o servicios objeto de \u00e9stas Condiciones, a los Juzgados y Tribunales del domicilio del USUARIO.<\/p>\n<p>&nbsp;<\/p>\n<p>En el caso de que el USUARIO tenga su domicilio fuera de Espa\u00f1a, BEERS2ROCK y el USUARIO, renuncian expresamente a cualquier otro foro, someti\u00e9ndose a los Juzgados y Tribunales de la ciudad de Madrid (Espa\u00f1a).<\/p>\n<p>&nbsp;<\/p>\n","protected":false},"excerpt":{"rendered":"","protected":false},"author":1,"featured_media":0,"parent":0,"menu_order":19,"comment_status":"closed","ping_status":"closed","template":"page-templates\/no-sidebar.php","meta":{"footnotes":""},"_links":{"self":[{"href":"https:\/\/beers2rock.com\/cerveza\/wp-json\/wp\/v2\/pages\/370"}],"collection":[{"href":"https:\/\/beers2rock.com\/cerveza\/wp-json\/wp\/v2\/pages"}],"about":[{"href":"https:\/\/beers2rock.com\/cerveza\/wp-json\/wp\/v2\/types\/page"}],"author":[{"embeddable":true,"href":"https:\/\/beers2rock.com\/cerveza\/wp-json\/wp\/v2\/users\/1"}],"replies":[{"embeddable":true,"href":"https:\/\/beers2rock.com\/cerveza\/wp-json\/wp\/v2\/comments?post=370"}],"version-history":[{"count":10,"href":"https:\/\/beers2rock.com\/cerveza\/wp-json\/wp\/v2\/pages\/370\/revisions"}],"predecessor-version":[{"id":775,"href":"https:\/\/beers2rock.com\/cerveza\/wp-json\/wp\/v2\/pages\/370\/revisions\/775"}],"wp:attachment":[{"href":"https:\/\/beers2rock.com\/cerveza\/wp-json\/wp\/v2\/media?parent=370"}],"curies":[{"name":"wp","href":"https:\/\/api.w.org\/{rel}","templated":true}]}}