{"id":478,"date":"2019-10-11T18:48:42","date_gmt":"2019-10-11T18:48:42","guid":{"rendered":"http:\/\/beers2rock.com\/enjoy\/?page_id=478"},"modified":"2020-11-14T06:58:39","modified_gmt":"2020-11-14T06:58:39","slug":"altbier","status":"publish","type":"page","link":"https:\/\/beers2rock.com\/cerveza\/altbier\/","title":{"rendered":"Altbier"},"content":{"rendered":"\r\n<p><strong>Estilo: Altbier<\/strong><br \/>Cervezas de color \u00e1mbar claro a anaranjado. Cristalinas, de espuma blanca, espesa y duradera. Aroma y sabor a malta y moderado a l\u00fapulos nobles como a pimienta o floral. En boca tienen cuerpo medio y carbonataci\u00f3n media. <img decoding=\"async\" title=\"Altbier\" src=\"http:\/\/beers2rock.com\/enjoy\/wp-content\/uploads\/Altbier.png\" alt=\"Altbier\" \/><\/p>\r\n","protected":false},"excerpt":{"rendered":"","protected":false},"author":15,"featured_media":0,"parent":0,"menu_order":14,"comment_status":"closed","ping_status":"closed","template":"page-templates\/full-width.php","meta":{"footnotes":""},"_links":{"self":[{"href":"https:\/\/beers2rock.com\/cerveza\/wp-json\/wp\/v2\/pages\/478"}],"collection":[{"href":"https:\/\/beers2rock.com\/cerveza\/wp-json\/wp\/v2\/pages"}],"about":[{"href":"https:\/\/beers2rock.com\/cerveza\/wp-json\/wp\/v2\/types\/page"}],"author":[{"embeddable":true,"href":"https:\/\/beers2rock.com\/cerveza\/wp-json\/wp\/v2\/users\/15"}],"replies":[{"embeddable":true,"href":"https:\/\/beers2rock.com\/cerveza\/wp-json\/wp\/v2\/comments?post=478"}],"version-history":[{"count":3,"href":"https:\/\/beers2rock.com\/cerveza\/wp-json\/wp\/v2\/pages\/478\/revisions"}],"predecessor-version":[{"id":483,"href":"https:\/\/beers2rock.com\/cerveza\/wp-json\/wp\/v2\/pages\/478\/revisions\/483"}],"wp:attachment":[{"href":"https:\/\/beers2rock.com\/cerveza\/wp-json\/wp\/v2\/media?parent=478"}],"curies":[{"name":"wp","href":"https:\/\/api.w.org\/{rel}","templated":true}]}}