{"id":499,"date":"2020-01-17T09:10:20","date_gmt":"2020-01-17T09:10:20","guid":{"rendered":"http:\/\/beers2rock.com\/enjoy\/?page_id=499"},"modified":"2020-12-08T10:45:30","modified_gmt":"2020-12-08T10:45:30","slug":"nosotros","status":"publish","type":"page","link":"https:\/\/beers2rock.com\/cerveza\/nosotros\/","title":{"rendered":"Nosotros"},"content":{"rendered":"\r\n\t<p>Somos un grupo de amigos entusiasmados con el fascinante mundo de la cerveza.<\/p>\r\n\t<iframe loading=\"lazy\" title=\"Franziskaner \/\/ Estilo Dunkel Weizen \/\/ Cerveza Alemana\" width=\"1140\" height=\"641\" src=\"https:\/\/www.youtube.com\/embed\/SMGSgZ77YmE?feature=oembed\" frameborder=\"0\" allow=\"accelerometer; autoplay; encrypted-media; gyroscope; picture-in-picture\" allowfullscreen><\/iframe>\r\n\t<p>info<img loading=\"lazy\" decoding=\"async\" src=\"http:\/\/beers2rock.com\/enjoy\/wp-content\/uploads\/Captura-de-pantalla-2020-02-11-a-las-16.28.22.png\" alt=\"\" width=\"18\" height=\"18\" \/>beers2rock.com<\/p>\r\n\t<p><b>BEERS2ROCK quiere convertirse en tu compa\u00f1ero de viaje en la exploraci\u00f3n de este fant\u00e1stico mundo de la cerveza, tanto si est\u00e1s comenzando a descubrirla como si eres ya un experto cervecero. Buscamos mejorar tu experiencia al disfrutarla aplicando un enfoque divertido y eliminando tanto complejos como sofisticaciones.\u00a0<\/b><\/p>\r\n<p>BEERS2ROCK pretende ofrecer informaci\u00f3n independiente sobre cervezas, sus estilos, sus or\u00edgenes, c\u00f3mo maridarlas y c\u00f3mo probarlas, siempre desde un enfoque divertido, sin complejos ni sofisticaciones, para que la persona que quiera descubrir o profundizar en este fant\u00e1stico mundo encuentre en nosotros un gu\u00eda o compa\u00f1ero que le acompa\u00f1e en su viaje.<\/p>\r\n\t<hr \/>\r\n<p>&nbsp;<\/p>\r\n\t<p>Participa con nosotros en las redes sociales. Comparte opiniones y disfruta con nosotros probando y aprendiendo de cerveza.\u00a0<\/p>\r\n\t\t\t\t<a href=\"https:\/\/twitter.com\/beers2rock\" target=\"_blank\" rel=\"noopener noreferrer\" itemprop=\"url\">\r\n\t\t\t\t<img loading=\"lazy\" decoding=\"async\" src=\"https:\/\/beers2rock.com\/enjoy\/wp-content\/uploads\/twitter-logo-1788039_960_720-1-150x150.jpg\" alt=\"twitter-logo-1788039_960_720\" itemprop=\"image\" height=\"150\" width=\"150\" title=\"twitter-logo-1788039_960_720\" onerror=\"this.style.display='none'\"  \/>\r\n\t\t\t\t<\/a>\r\n\t\t\t\t<a href=\"https:\/\/www.facebook.com\/Beers2rock-1840004289590955\/\" target=\"_blank\" rel=\"noopener noreferrer\" itemprop=\"url\">\r\n\t\t\t\t<img loading=\"lazy\" decoding=\"async\" src=\"https:\/\/beers2rock.com\/enjoy\/wp-content\/uploads\/Facebook_icon_2013.svg_-150x150.png\" alt=\"Facebook_icon_2013.svg\" itemprop=\"image\" height=\"150\" width=\"150\" title=\"Facebook_icon_2013.svg\" onerror=\"this.style.display='none'\"  \/>\r\n\t\t\t\t<\/a>\r\n\t\t\t\t<a href=\"https:\/\/www.instagram.com\/p\/BjFXQPQF6H-\/?hl=es\" target=\"_blank\" rel=\"noopener noreferrer\" itemprop=\"url\">\r\n\t\t\t\t<img loading=\"lazy\" decoding=\"async\" src=\"https:\/\/beers2rock.com\/enjoy\/wp-content\/uploads\/1024px-Instagram_logo_2016.svg_-150x150.png\" alt=\"1024px-Instagram_logo_2016.svg\" itemprop=\"image\" height=\"150\" width=\"150\" title=\"1024px-Instagram_logo_2016.svg\" onerror=\"this.style.display='none'\"  \/>\r\n\t\t\t\t<\/a>\r\n","protected":false},"excerpt":{"rendered":"","protected":false},"author":15,"featured_media":0,"parent":0,"menu_order":11,"comment_status":"closed","ping_status":"closed","template":"page-templates\/full-width.php","meta":{"footnotes":""},"_links":{"self":[{"href":"https:\/\/beers2rock.com\/cerveza\/wp-json\/wp\/v2\/pages\/499"}],"collection":[{"href":"https:\/\/beers2rock.com\/cerveza\/wp-json\/wp\/v2\/pages"}],"about":[{"href":"https:\/\/beers2rock.com\/cerveza\/wp-json\/wp\/v2\/types\/page"}],"author":[{"embeddable":true,"href":"https:\/\/beers2rock.com\/cerveza\/wp-json\/wp\/v2\/users\/15"}],"replies":[{"embeddable":true,"href":"https:\/\/beers2rock.com\/cerveza\/wp-json\/wp\/v2\/comments?post=499"}],"version-history":[{"count":4,"href":"https:\/\/beers2rock.com\/cerveza\/wp-json\/wp\/v2\/pages\/499\/revisions"}],"predecessor-version":[{"id":546,"href":"https:\/\/beers2rock.com\/cerveza\/wp-json\/wp\/v2\/pages\/499\/revisions\/546"}],"wp:attachment":[{"href":"https:\/\/beers2rock.com\/cerveza\/wp-json\/wp\/v2\/media?parent=499"}],"curies":[{"name":"wp","href":"https:\/\/api.w.org\/{rel}","templated":true}]}}