{"id":584,"date":"2020-02-25T14:06:50","date_gmt":"2020-02-25T14:06:50","guid":{"rendered":"http:\/\/beers2rock.com\/enjoy\/?page_id=584"},"modified":"2020-11-14T06:51:07","modified_gmt":"2020-11-14T06:51:07","slug":"cata-explorando-sabores-desconocidos","status":"publish","type":"page","link":"https:\/\/beers2rock.com\/cerveza\/cata-explorando-sabores-desconocidos\/","title":{"rendered":"Cata Explorando sabores desconocidos"},"content":{"rendered":"\n\t<h2>Explorando sabores desconocidos<\/h2>\n<h4>Un viaje por el mundo de sabores de la cerveza<\/h4>\n<p>En BEERS2ROCK te proponemos recorrer las cuatro grandes \u00e1reas geogr\u00e1ficas de referencia mediante un mapa con los diferentes estilos de cervezas que surgieron en cada zona.<\/p>\n<p>Este es un viaje para aprender, como ocurre con cualquier viaje que hacemos en la vida, pero en BEERS2ROCK queremos que sea adem\u00e1s divertido, y este es el esp\u00edritu y entusiasmo que queremos poner a tu disposici\u00f3n para\u00a0acompa\u00f1arte en el trayecto.<\/p>\n\t\t\t\t<img loading=\"lazy\" decoding=\"async\" src=\"https:\/\/beers2rock.com\/enjoy\/wp-content\/uploads\/Explorando-Sabores-desconocidos-fondo-blanco.png\" alt=\"Explorando-Sabores-desconocidos-fondo-blanco\" itemprop=\"image\" height=\"671\" width=\"531\" title=\"Explorando-Sabores-desconocidos-fondo-blanco\" onerror=\"this.style.display='none'\"  \/>\n\t<p>En este pack te ofrecemos tres estilos muy diferentes, uno belga, uno americano y otro alem\u00e1n.<\/p>\n<p>El primero es una <strong>Flanders Red Ale<\/strong>, una cerveza que por la levadura con la que est\u00e1 hecha presenta una acidez similar al vino o la sidra.<\/p>\n<p>Luego proponemos una <strong>Amercian Amber Ale<\/strong>, que usa el l\u00fapulo para presentar tonos amargos y\u00a0florales.<\/p>\n<p>Finalmente, una <strong>Weizenbock<\/strong> alemana que es dulzona gracias a su malta, que contiene trigo. Tres estilos muy especiales donde ver c\u00f3mo la levadura, el l\u00fapulo y la malta pueden conseguir cervezas tan diferentes. Una buena\u00a0forma de continuar nuestro viaje.<\/p>\n\t\t\t\t<a href=\"\/beer\/rodenbach-gran-cru\/\" target=\"_self\" itemprop=\"url\" rel=\"noopener noreferrer\">\n\t\t\t\t<img decoding=\"async\" src=\"http:\/\/beers2rock.com\/enjoy\/wp-content\/uploads\/Rodenbach-Grand-Cru-blanco.png\" alt=\"Rodenbach-Grand-Cru-blanco\" itemprop=\"image\" title=\"Rodenbach-Grand-Cru-blanco\" onerror=\"this.style.display='none'\"  \/>\n\t\t\t\t<\/a>\n\t\t\t\t<a href=\"\/beer\/anchor-liberty-ale\/\" target=\"_self\" itemprop=\"url\" rel=\"noopener noreferrer\">\n\t\t\t\t<img decoding=\"async\" src=\"http:\/\/beers2rock.com\/enjoy\/wp-content\/uploads\/Anchor-Liberty-Ale-blanco-.png\" alt=\"Anchor-Liberty-Ale-blanco-\" itemprop=\"image\" title=\"Anchor-Liberty-Ale-blanco-\" onerror=\"this.style.display='none'\"  \/>\n\t\t\t\t<\/a>\n\t\t\t\t<a href=\"\/beer\/schneider-weisse-aventinus-tap-6\/\" target=\"_self\" itemprop=\"url\" rel=\"noopener noreferrer\">\n\t\t\t\t<img decoding=\"async\" src=\"http:\/\/beers2rock.com\/enjoy\/wp-content\/uploads\/Schneider-weisse-Aventinus-Tap-6-blanco.png\" alt=\"Schneider-weisse-Aventinus-Tap-6-blanco\" itemprop=\"image\" title=\"Schneider-weisse-Aventinus-Tap-6-blanco\" onerror=\"this.style.display='none'\"  \/>\n\t\t\t\t<\/a>\n\t\t\t\t<img decoding=\"async\" src=\"http:\/\/beers2rock.com\/enjoy\/wp-content\/uploads\/maridaje-de-fase2.png\" alt=\"maridaje-de-fase2\" itemprop=\"image\" title=\"maridaje-de-fase2\" onerror=\"this.style.display='none'\"  \/>\n","protected":false},"excerpt":{"rendered":"","protected":false},"author":15,"featured_media":0,"parent":0,"menu_order":8,"comment_status":"closed","ping_status":"closed","template":"page-templates\/full-width.php","meta":{"footnotes":""},"_links":{"self":[{"href":"https:\/\/beers2rock.com\/cerveza\/wp-json\/wp\/v2\/pages\/584"}],"collection":[{"href":"https:\/\/beers2rock.com\/cerveza\/wp-json\/wp\/v2\/pages"}],"about":[{"href":"https:\/\/beers2rock.com\/cerveza\/wp-json\/wp\/v2\/types\/page"}],"author":[{"embeddable":true,"href":"https:\/\/beers2rock.com\/cerveza\/wp-json\/wp\/v2\/users\/15"}],"replies":[{"embeddable":true,"href":"https:\/\/beers2rock.com\/cerveza\/wp-json\/wp\/v2\/comments?post=584"}],"version-history":[{"count":5,"href":"https:\/\/beers2rock.com\/cerveza\/wp-json\/wp\/v2\/pages\/584\/revisions"}],"predecessor-version":[{"id":595,"href":"https:\/\/beers2rock.com\/cerveza\/wp-json\/wp\/v2\/pages\/584\/revisions\/595"}],"wp:attachment":[{"href":"https:\/\/beers2rock.com\/cerveza\/wp-json\/wp\/v2\/media?parent=584"}],"curies":[{"name":"wp","href":"https:\/\/api.w.org\/{rel}","templated":true}]}}