{"id":669,"date":"2020-02-26T11:41:38","date_gmt":"2020-02-26T11:41:38","guid":{"rendered":"http:\/\/beers2rock.com\/enjoy\/?page_id=669"},"modified":"2020-11-14T06:50:31","modified_gmt":"2020-11-14T06:50:31","slug":"cata-explorando-la-tierra-del-lupulo","status":"publish","type":"page","link":"https:\/\/beers2rock.com\/cerveza\/cata-explorando-la-tierra-del-lupulo\/","title":{"rendered":"Cata Explorando la tierra del l\u00fapulo"},"content":{"rendered":"\n\t<h2>Explorando la tierra del l\u00fapulo<\/h2>\n<h4>3 cervezas TOP de tres estilos AMERICANOS famosos por el l\u00fapulo<\/h4>\n\t\t\t\t<img decoding=\"async\" src=\"http:\/\/beers2rock.com\/enjoy\/wp-content\/uploads\/Explorando-tierra-del-lupulo.png\" alt=\"Explorando-tierra-del-lupulo\" itemprop=\"image\" title=\"Explorando-tierra-del-lupulo\" onerror=\"this.style.display='none'\"  \/>\n\t<p><strong>Tres estilos t\u00edpicos americanos con mucho l\u00fapulo<\/strong>EL l\u00fapulo es una flor que se usa como conservante y que aporta amargor. Aplicado en los \u00faltimos momentos de la cocci\u00f3n de la cerveza aporta tambi\u00e9n sabor y aroma. Los americanos han reinterpretado los estilos tradicionales europeos a\u00f1adi\u00e9ndoles gran cantidad de l\u00fapulos americanos.Las <strong>American Pale Ale<\/strong> fueron las primeras americanas artesanas, fabricadas como las ale europeas pero con gran cantidad de l\u00fapulo americano. Son muy arom\u00e1ticas y sabrosas, aunque amargas.<\/p>\n<p>Las <strong>American Amber Ale<\/strong> se hacen con maltas tostadas, recibiendo cierto dulzor, pero son livianas y secas al final.<\/p>\n<p>Sin embargo, las <strong>American Brown Ale<\/strong> se maceran de forma que quedan muchos az\u00facares sin fermentar, dejando cervezas dulces y de mayor densidad. Resultan algo sedosas al paladar.<\/p>\n\t\t\t\t<a href=\"\/beer\/anchor-liberty-ale\/\" target=\"_self\" itemprop=\"url\" rel=\"noopener noreferrer\">\n\t\t\t\t<img decoding=\"async\" src=\"http:\/\/beers2rock.com\/enjoy\/wp-content\/uploads\/Anchor-liberty-ale.png\" alt=\"Anchor-liberty-ale\" itemprop=\"image\" title=\"Anchor-liberty-ale\" onerror=\"this.style.display='none'\"  \/>\n\t\t\t\t<\/a>\n\t\t\t\t<a href=\"\/beer\/anderson-valley-boont-amber-ale\/\" target=\"_self\" itemprop=\"url\" rel=\"noopener noreferrer\">\n\t\t\t\t<img decoding=\"async\" src=\"http:\/\/beers2rock.com\/enjoy\/wp-content\/uploads\/Anderson-Valley-Boont2.png\" alt=\"Anderson-Valley-Boont2\" itemprop=\"image\" title=\"Anderson-Valley-Boont2\" onerror=\"this.style.display='none'\"  \/>\n\t\t\t\t<\/a>\n\t\t\t\t<a href=\"\/beer\/rogue-hazelnut-brown-nectar\/\" target=\"_self\" itemprop=\"url\" rel=\"noopener noreferrer\">\n\t\t\t\t<img decoding=\"async\" src=\"http:\/\/beers2rock.com\/enjoy\/wp-content\/uploads\/Rogue-HazelNut-Brown-Nectar.png\" alt=\"Rogue-HazelNut-Brown-Nectar\" itemprop=\"image\" title=\"Rogue-HazelNut-Brown-Nectar\" onerror=\"this.style.display='none'\"  \/>\n\t\t\t\t<\/a>\n\t\t\t\t<img decoding=\"async\" src=\"http:\/\/beers2rock.com\/enjoy\/wp-content\/uploads\/Maridaje-tierra-del-lupulo.png\" alt=\"Maridaje-tierra-del-lupulo\" itemprop=\"image\" title=\"Maridaje-tierra-del-lupulo\" onerror=\"this.style.display='none'\"  \/>\n","protected":false},"excerpt":{"rendered":"","protected":false},"author":15,"featured_media":0,"parent":0,"menu_order":3,"comment_status":"closed","ping_status":"closed","template":"page-templates\/full-width.php","meta":{"footnotes":""},"_links":{"self":[{"href":"https:\/\/beers2rock.com\/cerveza\/wp-json\/wp\/v2\/pages\/669"}],"collection":[{"href":"https:\/\/beers2rock.com\/cerveza\/wp-json\/wp\/v2\/pages"}],"about":[{"href":"https:\/\/beers2rock.com\/cerveza\/wp-json\/wp\/v2\/types\/page"}],"author":[{"embeddable":true,"href":"https:\/\/beers2rock.com\/cerveza\/wp-json\/wp\/v2\/users\/15"}],"replies":[{"embeddable":true,"href":"https:\/\/beers2rock.com\/cerveza\/wp-json\/wp\/v2\/comments?post=669"}],"version-history":[{"count":8,"href":"https:\/\/beers2rock.com\/cerveza\/wp-json\/wp\/v2\/pages\/669\/revisions"}],"predecessor-version":[{"id":686,"href":"https:\/\/beers2rock.com\/cerveza\/wp-json\/wp\/v2\/pages\/669\/revisions\/686"}],"wp:attachment":[{"href":"https:\/\/beers2rock.com\/cerveza\/wp-json\/wp\/v2\/media?parent=669"}],"curies":[{"name":"wp","href":"https:\/\/api.w.org\/{rel}","templated":true}]}}