{"id":687,"date":"2020-02-26T17:09:02","date_gmt":"2020-02-26T17:09:02","guid":{"rendered":"http:\/\/beers2rock.com\/enjoy\/?page_id=687"},"modified":"2020-11-14T06:50:25","modified_gmt":"2020-11-14T06:50:25","slug":"cata-doble-triple-cuadruple-el-abad-sube-la-apuesta","status":"publish","type":"page","link":"https:\/\/beers2rock.com\/cerveza\/cata-doble-triple-cuadruple-el-abad-sube-la-apuesta\/","title":{"rendered":"Cata Doble, triple, cu\u00e1druple, el Abad sube la apuesta"},"content":{"rendered":"\n\t<h2>Doble, triple, cu\u00e1druple, el Abad sube la apuesta<\/h2>\n<h4>Curso intensivo de cervezas trapenses<\/h4>\n<p>La producci\u00f3n de cerveza en B\u00e9lgica data de tiempos ancestrales. Su historia est\u00e1 marcada por el hecho de que en la era medieval los monasterios se hacen poderosos y los abades pasan a controlar la producci\u00f3n de cerveza en busca de ingresos para sus \u00f3rdenes religiosas. As\u00ed surgen los estilos trapenses.<\/p>\n<p>La Revoluci\u00f3n Francesa acab\u00f3 con el control monacal, pero medio siglo despu\u00e9s, resurge el inter\u00e9s de los monasterios por esta actividad como v\u00eda de ingresos.<\/p>\n\t\t\t\t<img decoding=\"async\" src=\"http:\/\/beers2rock.com\/enjoy\/wp-content\/uploads\/Doble-triple-cuadruple-el-abad-sube-la-apuesta-fondo-blanco.png\" alt=\"Doble-triple-cuadruple-el-abad-sube-la-apuesta-fondo-blanco\" itemprop=\"image\" title=\"Doble-triple-cuadruple-el-abad-sube-la-apuesta-fondo-blanco\" onerror=\"this.style.display='none'\"  \/>\n\t<p>A estas cervezas se les denomina cervezas trapenses y una asociaci\u00f3n espec\u00edfica controla que las que as\u00ed se hacen llamar sean producidas realmente en una abad\u00eda, o pr\u00f3ximo a ella, que sean supervisadas por la comunidad mon\u00e1stica y que sus ingresos sean usados para el sustento del monasterio u obras sociales.<\/p>\n<p>Sugerimos empezar por la <strong>Tripel<\/strong>, que siendo muy potente es la m\u00e1s suave de sabor y liviana. Luego la <strong>Dubbel<\/strong> (doble malta) y finalmente la <strong>Quadrupel<\/strong>.<\/p>\n<p>Atenci\u00f3n a los grados de alcohol de estas cervezas. \u00a1Mejor compartirlas que quedar KO!<\/p>\n\t\t\t\t<a href=\"\/beer\/st-bernardus-tripel\/\" target=\"_self\" itemprop=\"url\" rel=\"noopener noreferrer\">\n\t\t\t\t<img decoding=\"async\" src=\"http:\/\/beers2rock.com\/enjoy\/wp-content\/uploads\/St.-Bernardus-Tripel-blanco.png\" alt=\"St.-Bernardus-Tripel-blanco\" itemprop=\"image\" title=\"St.-Bernardus-Tripel-blanco\" onerror=\"this.style.display='none'\"  \/>\n\t\t\t\t<\/a>\n\t\t\t\t<a href=\"\/beer\/westmalle-dubbel\/\" target=\"_self\" itemprop=\"url\" rel=\"noopener noreferrer\">\n\t\t\t\t<img decoding=\"async\" src=\"http:\/\/beers2rock.com\/enjoy\/wp-content\/uploads\/Westmalle-Dubbel-blanco.png\" alt=\"Westmalle-Dubbel-blanco\" itemprop=\"image\" title=\"Westmalle-Dubbel-blanco\" onerror=\"this.style.display='none'\"  \/>\n\t\t\t\t<\/a>\n\t\t\t\t<a href=\"\/beer\/rochefort-trappistes-10\/\" target=\"_self\" itemprop=\"url\" rel=\"noopener noreferrer\">\n\t\t\t\t<img decoding=\"async\" src=\"http:\/\/beers2rock.com\/enjoy\/wp-content\/uploads\/Rochefort-Trappistes-10-blanco.png\" alt=\"Rochefort-Trappistes-10-blanco\" itemprop=\"image\" title=\"Rochefort-Trappistes-10-blanco\" onerror=\"this.style.display='none'\"  \/>\n\t\t\t\t<\/a>\n\t\t\t\t<img decoding=\"async\" src=\"http:\/\/beers2rock.com\/enjoy\/wp-content\/uploads\/maridaje-tapeo-doble-triple-cuadruple-el-abad-sube-la-apuesta.png\" alt=\"maridaje-tapeo-doble-triple-cuadruple-el-abad-sube-la-apuesta\" itemprop=\"image\" title=\"maridaje-tapeo-doble-triple-cuadruple-el-abad-sube-la-apuesta\" onerror=\"this.style.display='none'\"  \/>\n","protected":false},"excerpt":{"rendered":"","protected":false},"author":15,"featured_media":0,"parent":0,"menu_order":2,"comment_status":"closed","ping_status":"closed","template":"page-templates\/full-width.php","meta":{"footnotes":""},"_links":{"self":[{"href":"https:\/\/beers2rock.com\/cerveza\/wp-json\/wp\/v2\/pages\/687"}],"collection":[{"href":"https:\/\/beers2rock.com\/cerveza\/wp-json\/wp\/v2\/pages"}],"about":[{"href":"https:\/\/beers2rock.com\/cerveza\/wp-json\/wp\/v2\/types\/page"}],"author":[{"embeddable":true,"href":"https:\/\/beers2rock.com\/cerveza\/wp-json\/wp\/v2\/users\/15"}],"replies":[{"embeddable":true,"href":"https:\/\/beers2rock.com\/cerveza\/wp-json\/wp\/v2\/comments?post=687"}],"version-history":[{"count":6,"href":"https:\/\/beers2rock.com\/cerveza\/wp-json\/wp\/v2\/pages\/687\/revisions"}],"predecessor-version":[{"id":699,"href":"https:\/\/beers2rock.com\/cerveza\/wp-json\/wp\/v2\/pages\/687\/revisions\/699"}],"wp:attachment":[{"href":"https:\/\/beers2rock.com\/cerveza\/wp-json\/wp\/v2\/media?parent=687"}],"curies":[{"name":"wp","href":"https:\/\/api.w.org\/{rel}","templated":true}]}}