{"id":701,"date":"2020-02-26T18:06:02","date_gmt":"2020-02-26T18:06:02","guid":{"rendered":"http:\/\/beers2rock.com\/enjoy\/?page_id=701"},"modified":"2020-11-14T06:50:17","modified_gmt":"2020-11-14T06:50:17","slug":"cata-winter-is-coming","status":"publish","type":"page","link":"https:\/\/beers2rock.com\/cerveza\/cata-winter-is-coming\/","title":{"rendered":"Cata Winter is coming"},"content":{"rendered":"\n\t<h2>Winter is coming<\/h2>\n<h4>Tres estilos adecuados para el invierno<\/h4>\n<p>Hemos discutido mucho sobre el orden en el que tomarlas. Curiosamente hemos acabado decidiendo un orden inverso al porcentaje de alcohol, empezando por la m\u00e1s alcoh\u00f3lica. Y es que la ligereza de la Rochefort 8 nos sugiere una buena forma de empezar, mientras que el car\u00e1cter torrefacto de la London Porter, a pesar de ser menos alcoh\u00f3lica, nos invita a dejarla para el final.<\/p>\n<p>Son todas cervezas puntuadas con 100 sobre 100 en sus estilos en ratebeer, con lo que las habr\u00e1 parecidas, pero no mejores. Sin embargo, pueden resultar excesivas para el que sigue pensando en la cerveza como refresco.<\/p>\n\t\t\t\t<img decoding=\"async\" src=\"http:\/\/beers2rock.com\/enjoy\/wp-content\/uploads\/Winter-is-coming.png\" alt=\"Winter-is-coming\" itemprop=\"image\" title=\"Winter-is-coming\" onerror=\"this.style.display='none'\"  \/>\n\t<p>Los tres estilos tienen la malta como protagonista y los tres son usados como \u201ccervezas de Navidad\u201d.Las <strong>Dark Strong Ale<\/strong>belgas, como la Rochefort 8, son cervezas intensas y sabrosas, algo especiadas y afrutadas. Son similares a las del estilo Quadrupel, pero algo menos densas.<\/p>\n<p>Bock signifca \u201cfuerte\u201d en alem\u00e1n, y las <strong>Doppelbock<\/strong> son doblemente fuertes. Estas son potentes cervezas de invierno. Y esta Ayinger es un ca\u00f1\u00f3n.<\/p>\n<p>Las <strong>Porter<\/strong> brit\u00e1nicas fueron las primeras cervezas de calidad al alcance de todos. Su nombre viene dado por ser las favoritas de porteadores en los mercados londinenses. Cervezas potentes y muy tostadas.<\/p>\n\t\t\t\t<a href=\"\/beer\/rochefort-trappistes-8\/\" target=\"_self\" itemprop=\"url\" rel=\"noopener noreferrer\">\n\t\t\t\t<img decoding=\"async\" src=\"http:\/\/beers2rock.com\/enjoy\/wp-content\/uploads\/Rochefort-8-1.png\" alt=\"Rochefort-8-1\" itemprop=\"image\" title=\"Rochefort-8-1\" onerror=\"this.style.display='none'\"  \/>\n\t\t\t\t<\/a>\n\t\t\t\t<a href=\"\/beer\/ayinger-celebrator-doppelbock\/\" target=\"_self\" itemprop=\"url\" rel=\"noopener noreferrer\">\n\t\t\t\t<img decoding=\"async\" src=\"http:\/\/beers2rock.com\/enjoy\/wp-content\/uploads\/Ayinger-celebrator.png\" alt=\"Ayinger-celebrator\" itemprop=\"image\" title=\"Ayinger-celebrator\" onerror=\"this.style.display='none'\"  \/>\n\t\t\t\t<\/a>\n\t\t\t\t<a href=\"\/beer\/fullers-london-porter\/\" target=\"_self\" itemprop=\"url\" rel=\"noopener noreferrer\">\n\t\t\t\t<img decoding=\"async\" src=\"http:\/\/beers2rock.com\/enjoy\/wp-content\/uploads\/London-porter.png\" alt=\"London-porter\" itemprop=\"image\" title=\"London-porter\" onerror=\"this.style.display='none'\"  \/>\n\t\t\t\t<\/a>\n\t\t\t\t<img decoding=\"async\" src=\"http:\/\/beers2rock.com\/enjoy\/wp-content\/uploads\/Maridaje-winter-is-coming.png\" alt=\"Maridaje-winter-is-coming\" itemprop=\"image\" title=\"Maridaje-winter-is-coming\" onerror=\"this.style.display='none'\"  \/>\n","protected":false},"excerpt":{"rendered":"","protected":false},"author":15,"featured_media":0,"parent":0,"menu_order":1,"comment_status":"closed","ping_status":"closed","template":"page-templates\/full-width.php","meta":{"footnotes":""},"_links":{"self":[{"href":"https:\/\/beers2rock.com\/cerveza\/wp-json\/wp\/v2\/pages\/701"}],"collection":[{"href":"https:\/\/beers2rock.com\/cerveza\/wp-json\/wp\/v2\/pages"}],"about":[{"href":"https:\/\/beers2rock.com\/cerveza\/wp-json\/wp\/v2\/types\/page"}],"author":[{"embeddable":true,"href":"https:\/\/beers2rock.com\/cerveza\/wp-json\/wp\/v2\/users\/15"}],"replies":[{"embeddable":true,"href":"https:\/\/beers2rock.com\/cerveza\/wp-json\/wp\/v2\/comments?post=701"}],"version-history":[{"count":4,"href":"https:\/\/beers2rock.com\/cerveza\/wp-json\/wp\/v2\/pages\/701\/revisions"}],"predecessor-version":[{"id":712,"href":"https:\/\/beers2rock.com\/cerveza\/wp-json\/wp\/v2\/pages\/701\/revisions\/712"}],"wp:attachment":[{"href":"https:\/\/beers2rock.com\/cerveza\/wp-json\/wp\/v2\/media?parent=701"}],"curies":[{"name":"wp","href":"https:\/\/api.w.org\/{rel}","templated":true}]}}