{"id":777,"date":"2020-11-08T18:07:36","date_gmt":"2020-11-08T18:07:36","guid":{"rendered":"http:\/\/beers2rock.com\/cerveza\/?page_id=777"},"modified":"2020-12-16T10:00:38","modified_gmt":"2020-12-16T10:00:38","slug":"estilos-de-cerveza","status":"publish","type":"page","link":"https:\/\/beers2rock.com\/cerveza\/estilos-de-cerveza\/","title":{"rendered":"Estilos de cerveza"},"content":{"rendered":"\n<h2>\n\t\t\u00bfQu\u00e9 son los estilos de cerveza?\n\t<\/h2>\n\t<p>Para explicar los estilos, usemos el mundo del vino como referencia.\u00a0Imagin\u00e9monos esta clasificaci\u00f3n de vinos: tinto joven, tinto en barrica, tinto reserva o envejecido, blanco seco, blanco afrutado, blanco con barrica&#8230;. Esta clasificaci\u00f3n nos permite decidir cosas como que el marisco debe ser acompa\u00f1ado mejor con un vino blanco seco que con un tinto joven, y que para amenizar una tertulia viene bien un tinto envejecido que podamos saborear sorbo a sorbo. Pues lo mismo pasa con la cerveza. Existen diferentes estilos para diferentes ocasiones.<\/p>\n<p>Pero la tipolog\u00eda del vino va mucho m\u00e1s all\u00e1 del ejemplo anterior. Tambi\u00e9n son vinos los cava o espumosos, y los de Oporto, y los finos de Jerez, y los gaseosos dulces tipo Lambrusco, y los Vernaccia, y muchos m\u00e1s que para nada tienen que ver con el momento en el que te apetece un vino tinto o un vino blanco. La falta de conocimiento que tenemos sobre los estilos de cerveza nos hace probar al azar un estilo sin saber qu\u00e9 es, y las diferencias son tan grandes como la que puede existir entre un Lambrusco, un tinto reserva o uno de Oporto. Imagin\u00e9monos dando un trago de Oporto para quitarnos la sed cuando esper\u00e1bamos beber un Lambrusco, m\u00e1s parecido a un tinto de verano. O agasajando a nuestras visitas en una tertulia alrededor de la chimenea con un sorbito de tinto de verano. Eso es lo que pasa habitualmente con la cerveza.<\/p>\n\t\t\t\t<img loading=\"lazy\" decoding=\"async\" src=\"http:\/\/beers2rock.com\/cerveza\/wp-content\/uploads\/beer-2620917_960_720-1.jpg\" alt=\"beer-2620917_960_720 (1)\" itemprop=\"image\" height=\"639\" width=\"960\" title=\"beer-2620917_960_720 (1)\" onerror=\"this.style.display='none'\"  \/>\n\t<p>Y es que mucha gente piensa que \u00abcerveza\u00bb equivale a \u00ablager industrial estilo pilsner\u00bb. As\u00ed nos gusta rubita, transparente, con buena espuma blanca y muy, pero que muy fresquita. En realidad, as\u00ed deber\u00eda ser para una pilsner en un momento donde buscas un refresco. Y hay pilsners maravillosas que hacen muy gratificante la experiencia de beberlas para quitarte la sed. Pero eso ser\u00eda como disfrutar s\u00f3lo de la experiencia de beber tinto de verano y perderte el placer de saborear un buen cava, o un buen tinto reserva, un Jerez o un Oporto. Incluso un brandy o un buen whiskey, porque hay estilos de cerveza que degustar\u00edas en lugar de una bebida espirituosa.<\/p>\n<h2>\n\t\tNuestro mapa de estilos\n\t<\/h2>\n\t<p>Si bien dec\u00edamos que no hay una clasificaci\u00f3n oficial de vinos \u00fanica, en el caso de la cerveza hay una clasificaci\u00f3n que es un referente para los productores de cerveza y para los aficionados que desean degustarla. Se trata del BJCP (Beer Judge Certification Program (BJCP), usado para poder comparar en los concursos cerveza del mismo estilo. Hemos elaborado un mapa basado en esta clasificaci\u00f3n que podr\u00e1s encontrar<a href=\"\/cerveza\/mapa\/\"> haciendo click aqu\u00ed<\/a> o en el mapa, y donde podr\u00e1s aprender c\u00f3mo son las cervezas de cada estilo, en qu\u00e9 momentos tomarlas y como maridarlas.<\/p>\n\t\t\t\t<a href=\"http:\/\/beers2rock.com\/cerveza\/mapa-estilos-cerveza\/\" target=\"_self\" itemprop=\"url\" rel=\"noopener\">\n\t\t\t\t<img decoding=\"async\" src=\"http:\/\/beers2rock.com\/cerveza\/wp-content\/uploads\/MAP-RES-T-Mapa-de-estilos-20201216-scaled.jpg\" alt=\"MAP-RES-T Mapa de estilos 20201216\" itemprop=\"image\" title=\"MAP-RES-T Mapa de estilos 20201216\" onerror=\"this.style.display='none'\"  \/>\n\t\t\t\t<\/a>\n<h2>\n\t\tNuestros videos sobre estilos\n\t<\/h2>\n\t<p>Estos son algunos de nuestros videos para aprender sobre los distintos estilos de cerveza existentes. <a href=\"https:\/\/www.youtube.com\/channel\/UC4QVNV2nqO-K70doXkzSEww\">Suscr\u00edbete a nuestro canal de YouTube<\/a> para seguir informado de nuevos videos.<\/p>\n\t<iframe loading=\"lazy\" title=\"Aecht Schlenkerla Rauchbier M\u00e4rzen \/\/ POTENTE CERVEZA ALEMANA \/\/  BEERS2ROCK\" width=\"1140\" height=\"641\" src=\"https:\/\/www.youtube.com\/embed\/_i5zOGToUKs?feature=oembed\" frameborder=\"0\" allow=\"accelerometer; autoplay; clipboard-write; encrypted-media; gyroscope; picture-in-picture\" allowfullscreen><\/iframe>\n\t<p>La Aecht Scherlenkerla Rauchbier Marzen cerveza hiperahumada que te va a recordar a una t\u00edpica barbacoa alemana de salchichas y otras carnes muy potentes.<\/p>\n\t<iframe loading=\"lazy\" title=\"Grimbergen Belgian Blonde Ale \/\/ Cerveza Belga asequible para todos \/\/ Cervezas con estilo B2R\" width=\"1140\" height=\"641\" src=\"https:\/\/www.youtube.com\/embed\/ViW8dQAz-BE?start=31&#038;feature=oembed\" frameborder=\"0\" allow=\"accelerometer; autoplay; clipboard-write; encrypted-media; gyroscope; picture-in-picture\" allowfullscreen><\/iframe>\n\t<p>Hoy traemos esta Blond Ale belga que nos deja con un muy buen sabor de boca tras saber su precio en tiendas comunes y su sabor tan caracter\u00edstico de los l\u00fapulos belgas.<\/p>\n\t<iframe loading=\"lazy\" title=\"Corona, la cerveza mas famosa \/\/ American Light \/\/ Cervezas con estilo Beers2Rock\" width=\"1140\" height=\"641\" src=\"https:\/\/www.youtube.com\/embed\/nkPRPXvVGWU?feature=oembed\" frameborder=\"0\" allow=\"accelerometer; autoplay; clipboard-write; encrypted-media; gyroscope; picture-in-picture\" allowfullscreen><\/iframe>\n\t<p>La American light no es nuestra favorita, lo confesamos, pero es un cl\u00e1sico. Fresquita y pegadiza, perfecta para una tarde de verano.<\/p>\n\t<iframe loading=\"lazy\" title=\"Yria Inspector Stout \/\/ Estilo Oatmeal Stout \/\/ cervezas con estilo BEERS2ROCK\" width=\"1140\" height=\"641\" src=\"https:\/\/www.youtube.com\/embed\/IBX4pkFYYZc?feature=oembed\" frameborder=\"0\" allow=\"accelerometer; autoplay; clipboard-write; encrypted-media; gyroscope; picture-in-picture\" allowfullscreen><\/iframe>\n\t<p>Oatmeal stout, una Stout retocada con avena, simplemente espectacular.<\/p>\n\t<iframe loading=\"lazy\" title=\"Nut Brown Ale Samuel Smith\u00b4s \/\/ Estilo Brown Ale Ingl\u00e9s \/\/ Cervezas con estilo B2R\" width=\"1140\" height=\"641\" src=\"https:\/\/www.youtube.com\/embed\/wmH9QL1L40A?start=3&#038;feature=oembed\" frameborder=\"0\" allow=\"accelerometer; autoplay; clipboard-write; encrypted-media; gyroscope; picture-in-picture\" allowfullscreen><\/iframe>\n\t<p>Una brown ale inglesa nunca nos defrauda, y menos con esta maravilla de cerveza.<\/p>\n\t<iframe loading=\"lazy\" title=\"Cerveza de Cantillon - Gueuze 100% lambic \/ Cerveza Belga \/ Beers2rock (muy cara)\" width=\"1140\" height=\"641\" src=\"https:\/\/www.youtube.com\/embed\/jjJ9uXTQ5Vg?feature=oembed\" frameborder=\"0\" allow=\"accelerometer; autoplay; clipboard-write; encrypted-media; gyroscope; picture-in-picture\" allowfullscreen><\/iframe>\n\t<p>Hoy traemos esta Gueuze belga, un estilo la mar de especial por su rareza y su sabor. Parecido a la lambic pero con un toque que te sorprender\u00e1 para bien. No es para todo el mundo.<\/p>\n\t\t\t\t<img loading=\"lazy\" decoding=\"async\" src=\"http:\/\/beers2rock.com\/cerveza\/wp-content\/uploads\/Participa-redes-sociales-beers2rock.jpeg\" alt=\"Participa redes sociales beers2rock\" itemprop=\"image\" height=\"478\" width=\"763\" title=\"Participa redes sociales beers2rock\" onerror=\"this.style.display='none'\"  \/>\n<h3>\n\t\tParticipa en nuestras redes sociales\n\t<\/h3>\n\t<table>\n<tr>\n<td><a href=\"https:\/\/www.youtube.com\/channel\/UC4QVNV2nqO-K70doXkzSEww\"><img decoding=\"async\" src=\"http:\/\/beers2rock.com\/cerveza\/wp-content\/uploads\/youtube-e1604760811178.jpg\"; alt=\"\" \/><\/a><\/td>\n<td><a href=\"https:\/\/twitter.com\/beers2rock\"><img decoding=\"async\" src=\"http:\/\/beers2rock.com\/cerveza\/wp-content\/uploads\/twitter-logo-1788039_960_720-1.jpg\"; alt=\"\" \/><\/a><\/td>\n<\/tr>\n<tr>\n<td><a href=\"https:\/\/www.instagram.com\/beers2rock\/\"><img decoding=\"async\" src=\"http:\/\/beers2rock.com\/cerveza\/wp-content\/uploads\/1024px-Instagram_logo_2016.svg_.png\" margin-left:20px; margin-right:20px alt=\"\" \/><\/a><\/td>\n<td><a href=\"https:\/\/www.facebook.com\/Beers2rock-1840004289590955\/\"><img decoding=\"async\" src=\"http:\/\/beers2rock.com\/cerveza\/wp-content\/uploads\/Facebook_icon_2013.svg_.png\" margin-left:20px; margin-right:20px alt=\"\" \/><\/a><\/td>\n<\/tr>\n<\/table>\n\n","protected":false},"excerpt":{"rendered":"","protected":false},"author":2454,"featured_media":0,"parent":0,"menu_order":0,"comment_status":"closed","ping_status":"closed","template":"page-templates\/full-width.php","meta":{"footnotes":""},"_links":{"self":[{"href":"https:\/\/beers2rock.com\/cerveza\/wp-json\/wp\/v2\/pages\/777"}],"collection":[{"href":"https:\/\/beers2rock.com\/cerveza\/wp-json\/wp\/v2\/pages"}],"about":[{"href":"https:\/\/beers2rock.com\/cerveza\/wp-json\/wp\/v2\/types\/page"}],"author":[{"embeddable":true,"href":"https:\/\/beers2rock.com\/cerveza\/wp-json\/wp\/v2\/users\/2454"}],"replies":[{"embeddable":true,"href":"https:\/\/beers2rock.com\/cerveza\/wp-json\/wp\/v2\/comments?post=777"}],"version-history":[{"count":10,"href":"https:\/\/beers2rock.com\/cerveza\/wp-json\/wp\/v2\/pages\/777\/revisions"}],"predecessor-version":[{"id":871,"href":"https:\/\/beers2rock.com\/cerveza\/wp-json\/wp\/v2\/pages\/777\/revisions\/871"}],"wp:attachment":[{"href":"https:\/\/beers2rock.com\/cerveza\/wp-json\/wp\/v2\/media?parent=777"}],"curies":[{"name":"wp","href":"https:\/\/api.w.org\/{rel}","templated":true}]}}